{"id":36,"date":"2024-01-11T09:08:51","date_gmt":"2024-01-11T08:08:51","guid":{"rendered":"https:\/\/www.customsborders.com\/?page_id=36"},"modified":"2024-03-25T18:05:09","modified_gmt":"2024-03-25T17:05:09","slug":"conocenos","status":"publish","type":"page","link":"https:\/\/www.customsborders.com\/es\/conocenos\/","title":{"rendered":"Con\u00f3cenos"},"content":{"rendered":"","protected":false},"excerpt":{"rendered":"","protected":false},"author":1,"featured_media":0,"parent":0,"menu_order":0,"comment_status":"closed","ping_status":"closed","template":"","meta":{"footnotes":""},"class_list":["post-36","page","type-page","status-publish","hentry"],"yoast_head":"<!-- This site is optimized with the Yoast SEO plugin v27.5 - https:\/\/yoast.com\/product\/yoast-seo-wordpress\/ -->\n<title>Conoce a Customs Borders: L\u00edderes en Comercio y Aduanas<\/title>\n<meta name=\"description\" content=\"L\u00edderes en Comercio y Aduanas. Descubre nuestra la historia y misi\u00f3n, tu socio experto en comercio exterior y soluciones aduaneras.\" \/>\n<meta name=\"robots\" content=\"index, follow, max-snippet:-1, max-image-preview:large, max-video-preview:-1\" \/>\n<link rel=\"canonical\" href=\"https:\/\/www.customsborders.com\/es\/conocenos\/\" \/>\n<meta property=\"og:locale\" content=\"es_ES\" \/>\n<meta property=\"og:type\" content=\"article\" \/>\n<meta property=\"og:title\" content=\"Customs&amp;Borders: Tu Gu\u00eda en el Comercio Global \ud83c\udf0d\" \/>\n<meta property=\"og:description\" content=\"En Customs Borders, combinamos pasi\u00f3n y experiencia para facilitar el comercio internacional. Nuestra historia se centra en simplificar las aduanas y apoyar el crecimiento empresarial. Con innovaci\u00f3n y enfoque personalizado, somos el socio ideal para tu \u00e9xito global. #customborders #comercioglobal #aduanas #innovacioncomercial #crecimientonegocios #solucionespersonalizadas #historiacomercial #comercioexterior #liderazgoindustrial #negociosinternacionales\" \/>\n<meta property=\"og:url\" content=\"https:\/\/www.customsborders.com\/conocenos\/\" \/>\n<meta property=\"og:site_name\" content=\"Customs Borders\" \/>\n<meta property=\"article:modified_time\" content=\"2024-03-25T17:05:09+00:00\" \/>\n<meta property=\"og:image\" content=\"https:\/\/www.customsborders.com\/wp-content\/uploads\/2024\/03\/conocenos.png\" \/>\n\t<meta property=\"og:image:width\" content=\"1080\" \/>\n\t<meta property=\"og:image:height\" content=\"1080\" \/>\n\t<meta property=\"og:image:type\" content=\"image\/png\" \/>\n<meta name=\"twitter:card\" content=\"summary_large_image\" \/>\n<meta name=\"twitter:title\" content=\"Customs Borders: Tu Gu\u00eda en el Comercio Global\" \/>\n<meta name=\"twitter:description\" content=\"En Customs Borders, combinamos pasi\u00f3n y experiencia para facilitar el comercio internacional. Nuestra historia se centra en simplificar las aduanas y apoyar el crecimiento empresarial. Con innovaci\u00f3n y enfoque personalizado, somos el socio ideal para tu \u00e9xito global. #customborders #comercioglobal #aduanas #innovacioncomercial #crecimientonegocios #solucionespersonalizadas #historiacomercial #comercioexterior #liderazgoindustrial #negociosinternacionales\" \/>\n<script type=\"application\/ld+json\" class=\"yoast-schema-graph\">{\"@context\":\"https:\\\/\\\/schema.org\",\"@graph\":[{\"@type\":\"WebPage\",\"@id\":\"https:\\\/\\\/www.customsborders.com\\\/es\\\/conocenos\\\/\",\"url\":\"https:\\\/\\\/www.customsborders.com\\\/conocenos\\\/\",\"name\":\"Conoce a Customs Borders: L\u00edderes en Comercio y Aduanas\",\"isPartOf\":{\"@id\":\"https:\\\/\\\/www.customsborders.com\\\/es\\\/#website\"},\"datePublished\":\"2024-01-11T08:08:51+00:00\",\"dateModified\":\"2024-03-25T17:05:09+00:00\",\"description\":\"L\u00edderes en Comercio y Aduanas. Descubre nuestra la historia y misi\u00f3n, tu socio experto en comercio exterior y soluciones aduaneras.\",\"breadcrumb\":{\"@id\":\"https:\\\/\\\/www.customsborders.com\\\/conocenos\\\/#breadcrumb\"},\"inLanguage\":\"es\",\"potentialAction\":[{\"@type\":\"ReadAction\",\"target\":[\"https:\\\/\\\/www.customsborders.com\\\/conocenos\\\/\"]}]},{\"@type\":\"BreadcrumbList\",\"@id\":\"https:\\\/\\\/www.customsborders.com\\\/conocenos\\\/#breadcrumb\",\"itemListElement\":[{\"@type\":\"ListItem\",\"position\":1,\"name\":\"Portada\",\"item\":\"https:\\\/\\\/www.customsborders.com\\\/es\\\/\"},{\"@type\":\"ListItem\",\"position\":2,\"name\":\"Con\u00f3cenos\"}]},{\"@type\":\"WebSite\",\"@id\":\"https:\\\/\\\/www.customsborders.com\\\/es\\\/#website\",\"url\":\"https:\\\/\\\/www.customsborders.com\\\/es\\\/\",\"name\":\"Customs Borders\",\"description\":\"Customs Borders\",\"publisher\":{\"@id\":\"https:\\\/\\\/www.customsborders.com\\\/es\\\/#organization\"},\"alternateName\":\"Customs Borders\",\"potentialAction\":[{\"@type\":\"SearchAction\",\"target\":{\"@type\":\"EntryPoint\",\"urlTemplate\":\"https:\\\/\\\/www.customsborders.com\\\/es\\\/?s={search_term_string}\"},\"query-input\":{\"@type\":\"PropertyValueSpecification\",\"valueRequired\":true,\"valueName\":\"search_term_string\"}}],\"inLanguage\":\"es\"},{\"@type\":\"Organization\",\"@id\":\"https:\\\/\\\/www.customsborders.com\\\/es\\\/#organization\",\"name\":\"Customs Borders\",\"alternateName\":\"Customs Borders\",\"url\":\"https:\\\/\\\/www.customsborders.com\\\/es\\\/\",\"logo\":{\"@type\":\"ImageObject\",\"inLanguage\":\"es\",\"@id\":\"https:\\\/\\\/www.customsborders.com\\\/es\\\/#\\\/schema\\\/logo\\\/image\\\/\",\"url\":\"https:\\\/\\\/www.customsborders.com\\\/wp-content\\\/uploads\\\/2024\\\/01\\\/LOGO-custom-borders.jpg\",\"contentUrl\":\"https:\\\/\\\/www.customsborders.com\\\/wp-content\\\/uploads\\\/2024\\\/01\\\/LOGO-custom-borders.jpg\",\"width\":1566,\"height\":379,\"caption\":\"Customs Borders\"},\"image\":{\"@id\":\"https:\\\/\\\/www.customsborders.com\\\/es\\\/#\\\/schema\\\/logo\\\/image\\\/\"}}]}<\/script>\n<!-- \/ Yoast SEO plugin. -->","yoast_head_json":{"title":"Conoce a Customs Borders: L\u00edderes en Comercio y Aduanas","description":"L\u00edderes en Comercio y Aduanas. Descubre nuestra la historia y misi\u00f3n, tu socio experto en comercio exterior y soluciones aduaneras.","robots":{"index":"index","follow":"follow","max-snippet":"max-snippet:-1","max-image-preview":"max-image-preview:large","max-video-preview":"max-video-preview:-1"},"canonical":"https:\/\/www.customsborders.com\/es\/conocenos\/","og_locale":"es_ES","og_type":"article","og_title":"Customs&Borders: Tu Gu\u00eda en el Comercio Global \ud83c\udf0d","og_description":"En Customs Borders, combinamos pasi\u00f3n y experiencia para facilitar el comercio internacional. Nuestra historia se centra en simplificar las aduanas y apoyar el crecimiento empresarial. Con innovaci\u00f3n y enfoque personalizado, somos el socio ideal para tu \u00e9xito global. #customborders #comercioglobal #aduanas #innovacioncomercial #crecimientonegocios #solucionespersonalizadas #historiacomercial #comercioexterior #liderazgoindustrial #negociosinternacionales","og_url":"https:\/\/www.customsborders.com\/conocenos\/","og_site_name":"Customs Borders","article_modified_time":"2024-03-25T17:05:09+00:00","og_image":[{"width":1080,"height":1080,"url":"https:\/\/www.customsborders.com\/wp-content\/uploads\/2024\/03\/conocenos.png","type":"image\/png"}],"twitter_card":"summary_large_image","twitter_title":"Customs Borders: Tu Gu\u00eda en el Comercio Global","twitter_description":"En Customs Borders, combinamos pasi\u00f3n y experiencia para facilitar el comercio internacional. Nuestra historia se centra en simplificar las aduanas y apoyar el crecimiento empresarial. Con innovaci\u00f3n y enfoque personalizado, somos el socio ideal para tu \u00e9xito global. #customborders #comercioglobal #aduanas #innovacioncomercial #crecimientonegocios #solucionespersonalizadas #historiacomercial #comercioexterior #liderazgoindustrial #negociosinternacionales","schema":{"@context":"https:\/\/schema.org","@graph":[{"@type":"WebPage","@id":"https:\/\/www.customsborders.com\/es\/conocenos\/","url":"https:\/\/www.customsborders.com\/conocenos\/","name":"Conoce a Customs Borders: L\u00edderes en Comercio y Aduanas","isPartOf":{"@id":"https:\/\/www.customsborders.com\/es\/#website"},"datePublished":"2024-01-11T08:08:51+00:00","dateModified":"2024-03-25T17:05:09+00:00","description":"L\u00edderes en Comercio y Aduanas. Descubre nuestra la historia y misi\u00f3n, tu socio experto en comercio exterior y soluciones aduaneras.","breadcrumb":{"@id":"https:\/\/www.customsborders.com\/conocenos\/#breadcrumb"},"inLanguage":"es","potentialAction":[{"@type":"ReadAction","target":["https:\/\/www.customsborders.com\/conocenos\/"]}]},{"@type":"BreadcrumbList","@id":"https:\/\/www.customsborders.com\/conocenos\/#breadcrumb","itemListElement":[{"@type":"ListItem","position":1,"name":"Portada","item":"https:\/\/www.customsborders.com\/es\/"},{"@type":"ListItem","position":2,"name":"Con\u00f3cenos"}]},{"@type":"WebSite","@id":"https:\/\/www.customsborders.com\/es\/#website","url":"https:\/\/www.customsborders.com\/es\/","name":"Customs Borders","description":"Customs Borders","publisher":{"@id":"https:\/\/www.customsborders.com\/es\/#organization"},"alternateName":"Customs Borders","potentialAction":[{"@type":"SearchAction","target":{"@type":"EntryPoint","urlTemplate":"https:\/\/www.customsborders.com\/es\/?s={search_term_string}"},"query-input":{"@type":"PropertyValueSpecification","valueRequired":true,"valueName":"search_term_string"}}],"inLanguage":"es"},{"@type":"Organization","@id":"https:\/\/www.customsborders.com\/es\/#organization","name":"Customs Borders","alternateName":"Customs Borders","url":"https:\/\/www.customsborders.com\/es\/","logo":{"@type":"ImageObject","inLanguage":"es","@id":"https:\/\/www.customsborders.com\/es\/#\/schema\/logo\/image\/","url":"https:\/\/www.customsborders.com\/wp-content\/uploads\/2024\/01\/LOGO-custom-borders.jpg","contentUrl":"https:\/\/www.customsborders.com\/wp-content\/uploads\/2024\/01\/LOGO-custom-borders.jpg","width":1566,"height":379,"caption":"Customs Borders"},"image":{"@id":"https:\/\/www.customsborders.com\/es\/#\/schema\/logo\/image\/"}}]}},"_links":{"self":[{"href":"https:\/\/www.customsborders.com\/es\/wp-json\/wp\/v2\/pages\/36","targetHints":{"allow":["GET"]}}],"collection":[{"href":"https:\/\/www.customsborders.com\/es\/wp-json\/wp\/v2\/pages"}],"about":[{"href":"https:\/\/www.customsborders.com\/es\/wp-json\/wp\/v2\/types\/page"}],"author":[{"embeddable":true,"href":"https:\/\/www.customsborders.com\/es\/wp-json\/wp\/v2\/users\/1"}],"replies":[{"embeddable":true,"href":"https:\/\/www.customsborders.com\/es\/wp-json\/wp\/v2\/comments?post=36"}],"version-history":[{"count":1,"href":"https:\/\/www.customsborders.com\/es\/wp-json\/wp\/v2\/pages\/36\/revisions"}],"predecessor-version":[{"id":37,"href":"https:\/\/www.customsborders.com\/es\/wp-json\/wp\/v2\/pages\/36\/revisions\/37"}],"wp:attachment":[{"href":"https:\/\/www.customsborders.com\/es\/wp-json\/wp\/v2\/media?parent=36"}],"curies":[{"name":"wp","href":"https:\/\/api.w.org\/{rel}","templated":true}]}}