{"id":34,"date":"2024-01-11T09:08:26","date_gmt":"2024-01-11T08:08:26","guid":{"rendered":"https:\/\/www.customsborders.com\/?page_id=34"},"modified":"2024-01-13T09:17:17","modified_gmt":"2024-01-13T08:17:17","slug":"exportacion-de-servicios-y-tramites-aduaneros","status":"publish","type":"page","link":"https:\/\/www.customsborders.com\/es\/despacho-aduanero\/exportacion-de-servicios-y-tramites-aduaneros\/","title":{"rendered":"Exportaci\u00f3n de servicios y tr\u00e1mites aduaneros"},"content":{"rendered":"","protected":false},"excerpt":{"rendered":"","protected":false},"author":1,"featured_media":0,"parent":28,"menu_order":0,"comment_status":"closed","ping_status":"closed","template":"","meta":{"footnotes":""},"class_list":["post-34","page","type-page","status-publish","hentry"],"yoast_head":"<!-- This site is optimized with the Yoast SEO plugin v27.5 - https:\/\/yoast.com\/product\/yoast-seo-wordpress\/ -->\n<title>Exportaci\u00f3n de Servicios y Tr\u00e1mites Aduaneros - Customs Borders<\/title>\n<meta name=\"description\" content=\"Agiliza tus exportaciones con Customs Borders. Expertos en tr\u00e1mites aduaneros y servicios de comercio internacional.\" \/>\n<meta name=\"robots\" content=\"index, follow, max-snippet:-1, max-image-preview:large, max-video-preview:-1\" \/>\n<link rel=\"canonical\" href=\"https:\/\/www.customsborders.com\/es\/despacho-aduanero\/exportacion-de-servicios-y-tramites-aduaneros\/\" \/>\n<meta property=\"og:locale\" content=\"es_ES\" \/>\n<meta property=\"og:type\" content=\"article\" \/>\n<meta property=\"og:title\" content=\"Tu Aliado en Exportaciones y Aduanas\" \/>\n<meta property=\"og:description\" content=\"Descubre con Customs Borders c\u00f3mo simplificar tus exportaciones y tr\u00e1mites aduaneros. Somos tu socio estrat\u00e9gico, ofreciendo soluciones eficientes y personalizadas para tus necesidades de comercio internacional. Con nuestra experiencia y tecnolog\u00eda avanzada, nos encargamos de que tus operaciones sean fluidas y conformes a las regulaciones. \u00danete a los l\u00edderes del comercio global que conf\u00edan en nosotros. #customborders #exportacion #tramitesaduaneros #comerciointernacional #logisticaglobal #eficiencia #solucionescustomizadas #tecnologiaparaexportar #expertosaduaneros #negociosinternacionales\" \/>\n<meta property=\"og:url\" content=\"https:\/\/www.customsborders.com\/despacho-aduanero\/exportacion-de-servicios-y-tramites-aduaneros\/\" \/>\n<meta property=\"og:site_name\" content=\"Customs Borders\" \/>\n<meta property=\"article:modified_time\" content=\"2024-01-13T08:17:17+00:00\" \/>\n<meta property=\"og:image\" content=\"https:\/\/www.customsborders.com\/wp-content\/uploads\/2024\/01\/LOGO-custom-borders.jpg\" \/>\n\t<meta property=\"og:image:width\" content=\"1566\" \/>\n\t<meta property=\"og:image:height\" content=\"379\" \/>\n\t<meta property=\"og:image:type\" content=\"image\/jpeg\" \/>\n<meta name=\"twitter:card\" content=\"summary_large_image\" \/>\n<meta name=\"twitter:title\" content=\"Tu Aliado en Exportaciones y Aduanas\" \/>\n<meta name=\"twitter:description\" content=\"Descubre con Customs Borders c\u00f3mo simplificar tus exportaciones y tr\u00e1mites aduaneros. Somos tu socio estrat\u00e9gico, ofreciendo soluciones eficientes y personalizadas para tus necesidades de comercio internacional. Con nuestra experiencia y tecnolog\u00eda avanzada, nos encargamos de que tus operaciones sean fluidas y conformes a las regulaciones. \u00danete a los l\u00edderes del comercio global que conf\u00edan en nosotros. #customborders #exportacion #tramitesaduaneros #comerciointernacional #logisticaglobal #eficiencia #solucionescustomizadas #tecnologiaparaexportar #expertosaduaneros #negociosinternacionales\" \/>\n<script type=\"application\/ld+json\" class=\"yoast-schema-graph\">{\"@context\":\"https:\\\/\\\/schema.org\",\"@graph\":[{\"@type\":\"WebPage\",\"@id\":\"https:\\\/\\\/www.customsborders.com\\\/es\\\/despacho-aduanero\\\/exportacion-de-servicios-y-tramites-aduaneros\\\/\",\"url\":\"https:\\\/\\\/www.customsborders.com\\\/despacho-aduanero\\\/exportacion-de-servicios-y-tramites-aduaneros\\\/\",\"name\":\"Exportaci\u00f3n de Servicios y Tr\u00e1mites Aduaneros - Customs Borders\",\"isPartOf\":{\"@id\":\"https:\\\/\\\/www.customsborders.com\\\/es\\\/#website\"},\"datePublished\":\"2024-01-11T08:08:26+00:00\",\"dateModified\":\"2024-01-13T08:17:17+00:00\",\"description\":\"Agiliza tus exportaciones con Customs Borders. Expertos en tr\u00e1mites aduaneros y servicios de comercio internacional.\",\"breadcrumb\":{\"@id\":\"https:\\\/\\\/www.customsborders.com\\\/despacho-aduanero\\\/exportacion-de-servicios-y-tramites-aduaneros\\\/#breadcrumb\"},\"inLanguage\":\"es\",\"potentialAction\":[{\"@type\":\"ReadAction\",\"target\":[\"https:\\\/\\\/www.customsborders.com\\\/despacho-aduanero\\\/exportacion-de-servicios-y-tramites-aduaneros\\\/\"]}]},{\"@type\":\"BreadcrumbList\",\"@id\":\"https:\\\/\\\/www.customsborders.com\\\/despacho-aduanero\\\/exportacion-de-servicios-y-tramites-aduaneros\\\/#breadcrumb\",\"itemListElement\":[{\"@type\":\"ListItem\",\"position\":1,\"name\":\"Portada\",\"item\":\"https:\\\/\\\/www.customsborders.com\\\/es\\\/\"},{\"@type\":\"ListItem\",\"position\":2,\"name\":\"Despacho aduanero\",\"item\":\"https:\\\/\\\/www.customsborders.com\\\/es\\\/despacho-aduanero\\\/\"},{\"@type\":\"ListItem\",\"position\":3,\"name\":\"Exportaci\u00f3n de servicios y tr\u00e1mites aduaneros\"}]},{\"@type\":\"WebSite\",\"@id\":\"https:\\\/\\\/www.customsborders.com\\\/es\\\/#website\",\"url\":\"https:\\\/\\\/www.customsborders.com\\\/es\\\/\",\"name\":\"Customs Borders\",\"description\":\"Customs Borders\",\"publisher\":{\"@id\":\"https:\\\/\\\/www.customsborders.com\\\/es\\\/#organization\"},\"alternateName\":\"Customs Borders\",\"potentialAction\":[{\"@type\":\"SearchAction\",\"target\":{\"@type\":\"EntryPoint\",\"urlTemplate\":\"https:\\\/\\\/www.customsborders.com\\\/es\\\/?s={search_term_string}\"},\"query-input\":{\"@type\":\"PropertyValueSpecification\",\"valueRequired\":true,\"valueName\":\"search_term_string\"}}],\"inLanguage\":\"es\"},{\"@type\":\"Organization\",\"@id\":\"https:\\\/\\\/www.customsborders.com\\\/es\\\/#organization\",\"name\":\"Customs Borders\",\"alternateName\":\"Customs Borders\",\"url\":\"https:\\\/\\\/www.customsborders.com\\\/es\\\/\",\"logo\":{\"@type\":\"ImageObject\",\"inLanguage\":\"es\",\"@id\":\"https:\\\/\\\/www.customsborders.com\\\/es\\\/#\\\/schema\\\/logo\\\/image\\\/\",\"url\":\"https:\\\/\\\/www.customsborders.com\\\/wp-content\\\/uploads\\\/2024\\\/01\\\/LOGO-custom-borders.jpg\",\"contentUrl\":\"https:\\\/\\\/www.customsborders.com\\\/wp-content\\\/uploads\\\/2024\\\/01\\\/LOGO-custom-borders.jpg\",\"width\":1566,\"height\":379,\"caption\":\"Customs Borders\"},\"image\":{\"@id\":\"https:\\\/\\\/www.customsborders.com\\\/es\\\/#\\\/schema\\\/logo\\\/image\\\/\"}}]}<\/script>\n<!-- \/ Yoast SEO plugin. -->","yoast_head_json":{"title":"Exportaci\u00f3n de Servicios y Tr\u00e1mites Aduaneros - Customs Borders","description":"Agiliza tus exportaciones con Customs Borders. Expertos en tr\u00e1mites aduaneros y servicios de comercio internacional.","robots":{"index":"index","follow":"follow","max-snippet":"max-snippet:-1","max-image-preview":"max-image-preview:large","max-video-preview":"max-video-preview:-1"},"canonical":"https:\/\/www.customsborders.com\/es\/despacho-aduanero\/exportacion-de-servicios-y-tramites-aduaneros\/","og_locale":"es_ES","og_type":"article","og_title":"Tu Aliado en Exportaciones y Aduanas","og_description":"Descubre con Customs Borders c\u00f3mo simplificar tus exportaciones y tr\u00e1mites aduaneros. Somos tu socio estrat\u00e9gico, ofreciendo soluciones eficientes y personalizadas para tus necesidades de comercio internacional. Con nuestra experiencia y tecnolog\u00eda avanzada, nos encargamos de que tus operaciones sean fluidas y conformes a las regulaciones. \u00danete a los l\u00edderes del comercio global que conf\u00edan en nosotros. #customborders #exportacion #tramitesaduaneros #comerciointernacional #logisticaglobal #eficiencia #solucionescustomizadas #tecnologiaparaexportar #expertosaduaneros #negociosinternacionales","og_url":"https:\/\/www.customsborders.com\/despacho-aduanero\/exportacion-de-servicios-y-tramites-aduaneros\/","og_site_name":"Customs Borders","article_modified_time":"2024-01-13T08:17:17+00:00","og_image":[{"width":1566,"height":379,"url":"https:\/\/www.customsborders.com\/wp-content\/uploads\/2024\/01\/LOGO-custom-borders.jpg","type":"image\/jpeg"}],"twitter_card":"summary_large_image","twitter_title":"Tu Aliado en Exportaciones y Aduanas","twitter_description":"Descubre con Customs Borders c\u00f3mo simplificar tus exportaciones y tr\u00e1mites aduaneros. Somos tu socio estrat\u00e9gico, ofreciendo soluciones eficientes y personalizadas para tus necesidades de comercio internacional. Con nuestra experiencia y tecnolog\u00eda avanzada, nos encargamos de que tus operaciones sean fluidas y conformes a las regulaciones. \u00danete a los l\u00edderes del comercio global que conf\u00edan en nosotros. #customborders #exportacion #tramitesaduaneros #comerciointernacional #logisticaglobal #eficiencia #solucionescustomizadas #tecnologiaparaexportar #expertosaduaneros #negociosinternacionales","schema":{"@context":"https:\/\/schema.org","@graph":[{"@type":"WebPage","@id":"https:\/\/www.customsborders.com\/es\/despacho-aduanero\/exportacion-de-servicios-y-tramites-aduaneros\/","url":"https:\/\/www.customsborders.com\/despacho-aduanero\/exportacion-de-servicios-y-tramites-aduaneros\/","name":"Exportaci\u00f3n de Servicios y Tr\u00e1mites Aduaneros - Customs Borders","isPartOf":{"@id":"https:\/\/www.customsborders.com\/es\/#website"},"datePublished":"2024-01-11T08:08:26+00:00","dateModified":"2024-01-13T08:17:17+00:00","description":"Agiliza tus exportaciones con Customs Borders. Expertos en tr\u00e1mites aduaneros y servicios de comercio internacional.","breadcrumb":{"@id":"https:\/\/www.customsborders.com\/despacho-aduanero\/exportacion-de-servicios-y-tramites-aduaneros\/#breadcrumb"},"inLanguage":"es","potentialAction":[{"@type":"ReadAction","target":["https:\/\/www.customsborders.com\/despacho-aduanero\/exportacion-de-servicios-y-tramites-aduaneros\/"]}]},{"@type":"BreadcrumbList","@id":"https:\/\/www.customsborders.com\/despacho-aduanero\/exportacion-de-servicios-y-tramites-aduaneros\/#breadcrumb","itemListElement":[{"@type":"ListItem","position":1,"name":"Portada","item":"https:\/\/www.customsborders.com\/es\/"},{"@type":"ListItem","position":2,"name":"Despacho aduanero","item":"https:\/\/www.customsborders.com\/es\/despacho-aduanero\/"},{"@type":"ListItem","position":3,"name":"Exportaci\u00f3n de servicios y tr\u00e1mites aduaneros"}]},{"@type":"WebSite","@id":"https:\/\/www.customsborders.com\/es\/#website","url":"https:\/\/www.customsborders.com\/es\/","name":"Customs Borders","description":"Customs Borders","publisher":{"@id":"https:\/\/www.customsborders.com\/es\/#organization"},"alternateName":"Customs Borders","potentialAction":[{"@type":"SearchAction","target":{"@type":"EntryPoint","urlTemplate":"https:\/\/www.customsborders.com\/es\/?s={search_term_string}"},"query-input":{"@type":"PropertyValueSpecification","valueRequired":true,"valueName":"search_term_string"}}],"inLanguage":"es"},{"@type":"Organization","@id":"https:\/\/www.customsborders.com\/es\/#organization","name":"Customs Borders","alternateName":"Customs Borders","url":"https:\/\/www.customsborders.com\/es\/","logo":{"@type":"ImageObject","inLanguage":"es","@id":"https:\/\/www.customsborders.com\/es\/#\/schema\/logo\/image\/","url":"https:\/\/www.customsborders.com\/wp-content\/uploads\/2024\/01\/LOGO-custom-borders.jpg","contentUrl":"https:\/\/www.customsborders.com\/wp-content\/uploads\/2024\/01\/LOGO-custom-borders.jpg","width":1566,"height":379,"caption":"Customs Borders"},"image":{"@id":"https:\/\/www.customsborders.com\/es\/#\/schema\/logo\/image\/"}}]}},"_links":{"self":[{"href":"https:\/\/www.customsborders.com\/es\/wp-json\/wp\/v2\/pages\/34","targetHints":{"allow":["GET"]}}],"collection":[{"href":"https:\/\/www.customsborders.com\/es\/wp-json\/wp\/v2\/pages"}],"about":[{"href":"https:\/\/www.customsborders.com\/es\/wp-json\/wp\/v2\/types\/page"}],"author":[{"embeddable":true,"href":"https:\/\/www.customsborders.com\/es\/wp-json\/wp\/v2\/users\/1"}],"replies":[{"embeddable":true,"href":"https:\/\/www.customsborders.com\/es\/wp-json\/wp\/v2\/comments?post=34"}],"version-history":[{"count":1,"href":"https:\/\/www.customsborders.com\/es\/wp-json\/wp\/v2\/pages\/34\/revisions"}],"predecessor-version":[{"id":35,"href":"https:\/\/www.customsborders.com\/es\/wp-json\/wp\/v2\/pages\/34\/revisions\/35"}],"up":[{"embeddable":true,"href":"https:\/\/www.customsborders.com\/es\/wp-json\/wp\/v2\/pages\/28"}],"wp:attachment":[{"href":"https:\/\/www.customsborders.com\/es\/wp-json\/wp\/v2\/media?parent=34"}],"curies":[{"name":"wp","href":"https:\/\/api.w.org\/{rel}","templated":true}]}}