{"id":32,"date":"2024-01-11T09:07:58","date_gmt":"2024-01-11T08:07:58","guid":{"rendered":"https:\/\/www.customsborders.com\/?page_id=32"},"modified":"2024-01-13T09:15:43","modified_gmt":"2024-01-13T08:15:43","slug":"admisiones-temporales-y-reingreso-de-mercancia","status":"publish","type":"page","link":"https:\/\/www.customsborders.com\/es\/despacho-aduanero\/admisiones-temporales-y-reingreso-de-mercancia\/","title":{"rendered":"Admisiones temporales y reingreso de mercanc\u00eda"},"content":{"rendered":"","protected":false},"excerpt":{"rendered":"","protected":false},"author":1,"featured_media":0,"parent":28,"menu_order":0,"comment_status":"closed","ping_status":"closed","template":"","meta":{"footnotes":""},"class_list":["post-32","page","type-page","status-publish","hentry"],"yoast_head":"<!-- This site is optimized with the Yoast SEO plugin v27.5 - https:\/\/yoast.com\/product\/yoast-seo-wordpress\/ -->\n<title>Admisiones Temporales y Reingreso de Mercanc\u00eda - Customs Borders<\/title>\n<meta name=\"description\" content=\"Descubre c\u00f3mo Customs Borders optimiza tu despacho aduanero con servicios de admisiones temporales y reingreso de mercanc\u00eda.\" \/>\n<meta name=\"robots\" content=\"index, follow, max-snippet:-1, max-image-preview:large, max-video-preview:-1\" \/>\n<link rel=\"canonical\" href=\"https:\/\/www.customsborders.com\/es\/despacho-aduanero\/admisiones-temporales-y-reingreso-de-mercancia\/\" \/>\n<meta property=\"og:locale\" content=\"es_ES\" \/>\n<meta property=\"og:type\" content=\"article\" \/>\n<meta property=\"og:title\" content=\"Optimiza tu Comercio Internacional con Customs Borders\" \/>\n<meta property=\"og:description\" content=\"Explora c\u00f3mo Customs Borders transforma tu experiencia en admisiones temporales y reingreso de mercanc\u00eda. Nuestra gesti\u00f3n integral y enfoque proactivo en despacho aduanero asegura eficiencia y conformidad en tus operaciones de comercio exterior. Convi\u00e9rtete en un l\u00edder en el mercado internacional con nuestra asesor\u00eda experta y soluciones personalizadas. #customborders #serviciosaduaneros #despachoaduanas #comerciointernacional #optimizacionaduanera #eficiencialogistica #gestionintegral #asesoriaexperta #mercanciainternacional #complianceaduanero\" \/>\n<meta property=\"og:url\" content=\"https:\/\/www.customsborders.com\/despacho-aduanero\/admisiones-temporales-y-reingreso-de-mercancia\/\" \/>\n<meta property=\"og:site_name\" content=\"Customs Borders\" \/>\n<meta property=\"article:modified_time\" content=\"2024-01-13T08:15:43+00:00\" \/>\n<meta property=\"og:image\" content=\"https:\/\/www.customsborders.com\/wp-content\/uploads\/2024\/01\/LOGO-custom-borders.jpg\" \/>\n\t<meta property=\"og:image:width\" content=\"1566\" \/>\n\t<meta property=\"og:image:height\" content=\"379\" \/>\n\t<meta property=\"og:image:type\" content=\"image\/jpeg\" \/>\n<meta name=\"twitter:card\" content=\"summary_large_image\" \/>\n<meta name=\"twitter:title\" content=\"Optimiza tu Comercio Internacional con Customs Borders\" \/>\n<meta name=\"twitter:description\" content=\"Explora c\u00f3mo Customs Borders transforma tu experiencia en admisiones temporales y reingreso de mercanc\u00eda. Nuestra gesti\u00f3n integral y enfoque proactivo en despacho aduanero asegura eficiencia y conformidad en tus operaciones de comercio exterior. Convi\u00e9rtete en un l\u00edder en el mercado internacional con nuestra asesor\u00eda experta y soluciones personalizadas. #customborders #serviciosaduaneros #despachoaduanas #comerciointernacional #optimizacionaduanera #eficiencialogistica #gestionintegral #asesoriaexperta #mercanciainternacional #complianceaduanero\" \/>\n<script type=\"application\/ld+json\" class=\"yoast-schema-graph\">{\"@context\":\"https:\\\/\\\/schema.org\",\"@graph\":[{\"@type\":\"WebPage\",\"@id\":\"https:\\\/\\\/www.customsborders.com\\\/es\\\/despacho-aduanero\\\/admisiones-temporales-y-reingreso-de-mercancia\\\/\",\"url\":\"https:\\\/\\\/www.customsborders.com\\\/despacho-aduanero\\\/admisiones-temporales-y-reingreso-de-mercancia\\\/\",\"name\":\"Admisiones Temporales y Reingreso de Mercanc\u00eda - Customs Borders\",\"isPartOf\":{\"@id\":\"https:\\\/\\\/www.customsborders.com\\\/es\\\/#website\"},\"datePublished\":\"2024-01-11T08:07:58+00:00\",\"dateModified\":\"2024-01-13T08:15:43+00:00\",\"description\":\"Descubre c\u00f3mo Customs Borders optimiza tu despacho aduanero con servicios de admisiones temporales y reingreso de mercanc\u00eda.\",\"breadcrumb\":{\"@id\":\"https:\\\/\\\/www.customsborders.com\\\/despacho-aduanero\\\/admisiones-temporales-y-reingreso-de-mercancia\\\/#breadcrumb\"},\"inLanguage\":\"es\",\"potentialAction\":[{\"@type\":\"ReadAction\",\"target\":[\"https:\\\/\\\/www.customsborders.com\\\/despacho-aduanero\\\/admisiones-temporales-y-reingreso-de-mercancia\\\/\"]}]},{\"@type\":\"BreadcrumbList\",\"@id\":\"https:\\\/\\\/www.customsborders.com\\\/despacho-aduanero\\\/admisiones-temporales-y-reingreso-de-mercancia\\\/#breadcrumb\",\"itemListElement\":[{\"@type\":\"ListItem\",\"position\":1,\"name\":\"Portada\",\"item\":\"https:\\\/\\\/www.customsborders.com\\\/es\\\/\"},{\"@type\":\"ListItem\",\"position\":2,\"name\":\"Despacho aduanero\",\"item\":\"https:\\\/\\\/www.customsborders.com\\\/es\\\/despacho-aduanero\\\/\"},{\"@type\":\"ListItem\",\"position\":3,\"name\":\"Admisiones temporales y reingreso de mercanc\u00eda\"}]},{\"@type\":\"WebSite\",\"@id\":\"https:\\\/\\\/www.customsborders.com\\\/es\\\/#website\",\"url\":\"https:\\\/\\\/www.customsborders.com\\\/es\\\/\",\"name\":\"Customs Borders\",\"description\":\"Customs Borders\",\"publisher\":{\"@id\":\"https:\\\/\\\/www.customsborders.com\\\/es\\\/#organization\"},\"alternateName\":\"Customs Borders\",\"potentialAction\":[{\"@type\":\"SearchAction\",\"target\":{\"@type\":\"EntryPoint\",\"urlTemplate\":\"https:\\\/\\\/www.customsborders.com\\\/es\\\/?s={search_term_string}\"},\"query-input\":{\"@type\":\"PropertyValueSpecification\",\"valueRequired\":true,\"valueName\":\"search_term_string\"}}],\"inLanguage\":\"es\"},{\"@type\":\"Organization\",\"@id\":\"https:\\\/\\\/www.customsborders.com\\\/es\\\/#organization\",\"name\":\"Customs Borders\",\"alternateName\":\"Customs Borders\",\"url\":\"https:\\\/\\\/www.customsborders.com\\\/es\\\/\",\"logo\":{\"@type\":\"ImageObject\",\"inLanguage\":\"es\",\"@id\":\"https:\\\/\\\/www.customsborders.com\\\/es\\\/#\\\/schema\\\/logo\\\/image\\\/\",\"url\":\"https:\\\/\\\/www.customsborders.com\\\/wp-content\\\/uploads\\\/2024\\\/01\\\/LOGO-custom-borders.jpg\",\"contentUrl\":\"https:\\\/\\\/www.customsborders.com\\\/wp-content\\\/uploads\\\/2024\\\/01\\\/LOGO-custom-borders.jpg\",\"width\":1566,\"height\":379,\"caption\":\"Customs Borders\"},\"image\":{\"@id\":\"https:\\\/\\\/www.customsborders.com\\\/es\\\/#\\\/schema\\\/logo\\\/image\\\/\"}}]}<\/script>\n<!-- \/ Yoast SEO plugin. -->","yoast_head_json":{"title":"Admisiones Temporales y Reingreso de Mercanc\u00eda - Customs Borders","description":"Descubre c\u00f3mo Customs Borders optimiza tu despacho aduanero con servicios de admisiones temporales y reingreso de mercanc\u00eda.","robots":{"index":"index","follow":"follow","max-snippet":"max-snippet:-1","max-image-preview":"max-image-preview:large","max-video-preview":"max-video-preview:-1"},"canonical":"https:\/\/www.customsborders.com\/es\/despacho-aduanero\/admisiones-temporales-y-reingreso-de-mercancia\/","og_locale":"es_ES","og_type":"article","og_title":"Optimiza tu Comercio Internacional con Customs Borders","og_description":"Explora c\u00f3mo Customs Borders transforma tu experiencia en admisiones temporales y reingreso de mercanc\u00eda. Nuestra gesti\u00f3n integral y enfoque proactivo en despacho aduanero asegura eficiencia y conformidad en tus operaciones de comercio exterior. Convi\u00e9rtete en un l\u00edder en el mercado internacional con nuestra asesor\u00eda experta y soluciones personalizadas. #customborders #serviciosaduaneros #despachoaduanas #comerciointernacional #optimizacionaduanera #eficiencialogistica #gestionintegral #asesoriaexperta #mercanciainternacional #complianceaduanero","og_url":"https:\/\/www.customsborders.com\/despacho-aduanero\/admisiones-temporales-y-reingreso-de-mercancia\/","og_site_name":"Customs Borders","article_modified_time":"2024-01-13T08:15:43+00:00","og_image":[{"width":1566,"height":379,"url":"https:\/\/www.customsborders.com\/wp-content\/uploads\/2024\/01\/LOGO-custom-borders.jpg","type":"image\/jpeg"}],"twitter_card":"summary_large_image","twitter_title":"Optimiza tu Comercio Internacional con Customs Borders","twitter_description":"Explora c\u00f3mo Customs Borders transforma tu experiencia en admisiones temporales y reingreso de mercanc\u00eda. Nuestra gesti\u00f3n integral y enfoque proactivo en despacho aduanero asegura eficiencia y conformidad en tus operaciones de comercio exterior. Convi\u00e9rtete en un l\u00edder en el mercado internacional con nuestra asesor\u00eda experta y soluciones personalizadas. #customborders #serviciosaduaneros #despachoaduanas #comerciointernacional #optimizacionaduanera #eficiencialogistica #gestionintegral #asesoriaexperta #mercanciainternacional #complianceaduanero","schema":{"@context":"https:\/\/schema.org","@graph":[{"@type":"WebPage","@id":"https:\/\/www.customsborders.com\/es\/despacho-aduanero\/admisiones-temporales-y-reingreso-de-mercancia\/","url":"https:\/\/www.customsborders.com\/despacho-aduanero\/admisiones-temporales-y-reingreso-de-mercancia\/","name":"Admisiones Temporales y Reingreso de Mercanc\u00eda - Customs Borders","isPartOf":{"@id":"https:\/\/www.customsborders.com\/es\/#website"},"datePublished":"2024-01-11T08:07:58+00:00","dateModified":"2024-01-13T08:15:43+00:00","description":"Descubre c\u00f3mo Customs Borders optimiza tu despacho aduanero con servicios de admisiones temporales y reingreso de mercanc\u00eda.","breadcrumb":{"@id":"https:\/\/www.customsborders.com\/despacho-aduanero\/admisiones-temporales-y-reingreso-de-mercancia\/#breadcrumb"},"inLanguage":"es","potentialAction":[{"@type":"ReadAction","target":["https:\/\/www.customsborders.com\/despacho-aduanero\/admisiones-temporales-y-reingreso-de-mercancia\/"]}]},{"@type":"BreadcrumbList","@id":"https:\/\/www.customsborders.com\/despacho-aduanero\/admisiones-temporales-y-reingreso-de-mercancia\/#breadcrumb","itemListElement":[{"@type":"ListItem","position":1,"name":"Portada","item":"https:\/\/www.customsborders.com\/es\/"},{"@type":"ListItem","position":2,"name":"Despacho aduanero","item":"https:\/\/www.customsborders.com\/es\/despacho-aduanero\/"},{"@type":"ListItem","position":3,"name":"Admisiones temporales y reingreso de mercanc\u00eda"}]},{"@type":"WebSite","@id":"https:\/\/www.customsborders.com\/es\/#website","url":"https:\/\/www.customsborders.com\/es\/","name":"Customs Borders","description":"Customs Borders","publisher":{"@id":"https:\/\/www.customsborders.com\/es\/#organization"},"alternateName":"Customs Borders","potentialAction":[{"@type":"SearchAction","target":{"@type":"EntryPoint","urlTemplate":"https:\/\/www.customsborders.com\/es\/?s={search_term_string}"},"query-input":{"@type":"PropertyValueSpecification","valueRequired":true,"valueName":"search_term_string"}}],"inLanguage":"es"},{"@type":"Organization","@id":"https:\/\/www.customsborders.com\/es\/#organization","name":"Customs Borders","alternateName":"Customs Borders","url":"https:\/\/www.customsborders.com\/es\/","logo":{"@type":"ImageObject","inLanguage":"es","@id":"https:\/\/www.customsborders.com\/es\/#\/schema\/logo\/image\/","url":"https:\/\/www.customsborders.com\/wp-content\/uploads\/2024\/01\/LOGO-custom-borders.jpg","contentUrl":"https:\/\/www.customsborders.com\/wp-content\/uploads\/2024\/01\/LOGO-custom-borders.jpg","width":1566,"height":379,"caption":"Customs Borders"},"image":{"@id":"https:\/\/www.customsborders.com\/es\/#\/schema\/logo\/image\/"}}]}},"_links":{"self":[{"href":"https:\/\/www.customsborders.com\/es\/wp-json\/wp\/v2\/pages\/32","targetHints":{"allow":["GET"]}}],"collection":[{"href":"https:\/\/www.customsborders.com\/es\/wp-json\/wp\/v2\/pages"}],"about":[{"href":"https:\/\/www.customsborders.com\/es\/wp-json\/wp\/v2\/types\/page"}],"author":[{"embeddable":true,"href":"https:\/\/www.customsborders.com\/es\/wp-json\/wp\/v2\/users\/1"}],"replies":[{"embeddable":true,"href":"https:\/\/www.customsborders.com\/es\/wp-json\/wp\/v2\/comments?post=32"}],"version-history":[{"count":1,"href":"https:\/\/www.customsborders.com\/es\/wp-json\/wp\/v2\/pages\/32\/revisions"}],"predecessor-version":[{"id":33,"href":"https:\/\/www.customsborders.com\/es\/wp-json\/wp\/v2\/pages\/32\/revisions\/33"}],"up":[{"embeddable":true,"href":"https:\/\/www.customsborders.com\/es\/wp-json\/wp\/v2\/pages\/28"}],"wp:attachment":[{"href":"https:\/\/www.customsborders.com\/es\/wp-json\/wp\/v2\/media?parent=32"}],"curies":[{"name":"wp","href":"https:\/\/api.w.org\/{rel}","templated":true}]}}