{"id":26,"date":"2024-01-11T09:05:18","date_gmt":"2024-01-11T08:05:18","guid":{"rendered":"https:\/\/www.customsborders.com\/?page_id=26"},"modified":"2025-10-11T10:06:28","modified_gmt":"2025-10-11T08:06:28","slug":"inversiones-inmobiliarias","status":"publish","type":"page","link":"https:\/\/www.customsborders.com\/es\/servicios-custom-borders\/inversiones-inmobiliarias\/","title":{"rendered":"Corredur\u00eda financiera"},"content":{"rendered":"\n<p><strong>Descubre oportunidades de inversi\u00f3n, tanto financieras como en el sector inmobiliario con nuestro equipo especializado La corredur\u00eda financiera que necesitas para la gesti\u00f3n y b\u00fasqueda de oportunidades, est\u00e1 al alcance de un <a href=\"https:\/\/www.customsborders.com\/es\/contacto-customborders\/\">clic<\/a>.<\/strong><\/p>\n\n\n\n<p><\/p>\n","protected":false},"excerpt":{"rendered":"<p>Descubre oportunidades de inversi\u00f3n, tanto financieras como en el sector inmobiliario con nuestro equipo especializado La corredur\u00eda financiera que necesitas para la gesti\u00f3n y b\u00fasqueda de oportunidades, est\u00e1 al alcance de un clic.<\/p>\n","protected":false},"author":1,"featured_media":0,"parent":20,"menu_order":0,"comment_status":"closed","ping_status":"closed","template":"","meta":{"footnotes":""},"class_list":["post-26","page","type-page","status-publish","hentry"],"yoast_head":"<!-- This site is optimized with the Yoast SEO plugin v27.5 - https:\/\/yoast.com\/product\/yoast-seo-wordpress\/ -->\n<title>Corredur\u00eda Financiera Exclusiva:Explora el rendimiento de mercado<\/title>\n<meta name=\"description\" content=\"Corredur\u00eda Financiera Exclusiva; descubre c\u00f3mo nuestro equipo te ofrece servicios personalizados para alcanzar tus metas financieras. Aqu\u00ed...\" \/>\n<meta name=\"robots\" content=\"index, follow, max-snippet:-1, max-image-preview:large, max-video-preview:-1\" \/>\n<link rel=\"canonical\" href=\"https:\/\/www.customsborders.com\/es\/servicios-custom-borders\/inversiones-inmobiliarias\/\" \/>\n<meta property=\"og:locale\" content=\"es_ES\" \/>\n<meta property=\"og:type\" content=\"article\" \/>\n<meta property=\"og:title\" content=\"Descubre el Potencial de Inversiones Inmobiliarias con Customs&amp;Borders\" \/>\n<meta property=\"og:description\" content=\"Explora el mundo de las inversiones inmobiliarias junto a Customs Borders, tu socio experto en conectar con oportunidades \u00fanicas de inversi\u00f3n. Nuestro servicio de corredur\u00eda financiera se especializa en dise\u00f1ar modelos de negocio adaptados a tus objetivos, garantizando rentabilidades \u00f3ptimas y protecci\u00f3n de tus intereses. Sum\u00e9rgete en un nuevo horizonte de crecimiento y rentabilidad con nosotros. #inversionesinmobiliarias #oportunidadesdeinversion #crecimientofinanciero #negociosrentables #mercadoinmobiliario #customborders #serviciosaduaneros #despachoaduanas\" \/>\n<meta property=\"og:url\" content=\"https:\/\/www.customsborders.com\/servicios-custom-borders\/inversiones-inmobiliarias\/\" \/>\n<meta property=\"og:site_name\" content=\"Customs Borders\" \/>\n<meta property=\"article:modified_time\" content=\"2025-10-11T08:06:28+00:00\" \/>\n<meta property=\"og:image\" content=\"https:\/\/www.customsborders.com\/wp-content\/uploads\/2024\/03\/Inversiones-inmobiliarias.png\" \/>\n\t<meta property=\"og:image:width\" content=\"1080\" \/>\n\t<meta property=\"og:image:height\" content=\"1080\" \/>\n\t<meta property=\"og:image:type\" content=\"image\/png\" \/>\n<meta name=\"twitter:card\" content=\"summary_large_image\" \/>\n<meta name=\"twitter:title\" content=\"Descubre el Potencial de Inversiones Inmobiliarias con Customs Borders\" \/>\n<meta name=\"twitter:description\" content=\"Explora el mundo de las inversiones inmobiliarias junto a Customs Borders, tu socio experto en conectar con oportunidades \u00fanicas de inversi\u00f3n. Nuestro servicio de corredur\u00eda financiera se especializa en dise\u00f1ar modelos de negocio adaptados a tus objetivos, garantizando rentabilidades \u00f3ptimas y protecci\u00f3n de tus intereses. Sum\u00e9rgete en un nuevo horizonte de crecimiento y rentabilidad con nosotros. #inversionesinmobiliarias #oportunidadesdeinversion #crecimientofinanciero #negociosrentables #mercadoinmobiliario #customborders #serviciosaduaneros #despachoaduanas\" \/>\n<meta name=\"twitter:label1\" content=\"Tiempo de lectura\" \/>\n\t<meta name=\"twitter:data1\" content=\"1 minuto\" \/>\n<script type=\"application\/ld+json\" class=\"yoast-schema-graph\">{\"@context\":\"https:\\\/\\\/schema.org\",\"@graph\":[{\"@type\":\"WebPage\",\"@id\":\"https:\\\/\\\/www.customsborders.com\\\/es\\\/servicios-custom-borders\\\/inversiones-inmobiliarias\\\/\",\"url\":\"https:\\\/\\\/www.customsborders.com\\\/servicios-custom-borders\\\/inversiones-inmobiliarias\\\/\",\"name\":\"Corredur\u00eda Financiera Exclusiva:Explora el rendimiento de mercado\",\"isPartOf\":{\"@id\":\"https:\\\/\\\/www.customsborders.com\\\/es\\\/#website\"},\"datePublished\":\"2024-01-11T08:05:18+00:00\",\"dateModified\":\"2025-10-11T08:06:28+00:00\",\"description\":\"Corredur\u00eda Financiera Exclusiva; descubre c\u00f3mo nuestro equipo te ofrece servicios personalizados para alcanzar tus metas financieras. Aqu\u00ed...\",\"breadcrumb\":{\"@id\":\"https:\\\/\\\/www.customsborders.com\\\/servicios-custom-borders\\\/inversiones-inmobiliarias\\\/#breadcrumb\"},\"inLanguage\":\"es\",\"potentialAction\":[{\"@type\":\"ReadAction\",\"target\":[\"https:\\\/\\\/www.customsborders.com\\\/servicios-custom-borders\\\/inversiones-inmobiliarias\\\/\"]}]},{\"@type\":\"BreadcrumbList\",\"@id\":\"https:\\\/\\\/www.customsborders.com\\\/servicios-custom-borders\\\/inversiones-inmobiliarias\\\/#breadcrumb\",\"itemListElement\":[{\"@type\":\"ListItem\",\"position\":1,\"name\":\"Portada\",\"item\":\"https:\\\/\\\/www.customsborders.com\\\/es\\\/\"},{\"@type\":\"ListItem\",\"position\":2,\"name\":\"Servicios Custom Borders\",\"item\":\"https:\\\/\\\/www.customsborders.com\\\/es\\\/servicios-custom-borders\\\/\"},{\"@type\":\"ListItem\",\"position\":3,\"name\":\"Corredur\u00eda financiera\"}]},{\"@type\":\"WebSite\",\"@id\":\"https:\\\/\\\/www.customsborders.com\\\/es\\\/#website\",\"url\":\"https:\\\/\\\/www.customsborders.com\\\/es\\\/\",\"name\":\"Customs Borders\",\"description\":\"Customs Borders\",\"publisher\":{\"@id\":\"https:\\\/\\\/www.customsborders.com\\\/es\\\/#organization\"},\"alternateName\":\"Customs Borders\",\"potentialAction\":[{\"@type\":\"SearchAction\",\"target\":{\"@type\":\"EntryPoint\",\"urlTemplate\":\"https:\\\/\\\/www.customsborders.com\\\/es\\\/?s={search_term_string}\"},\"query-input\":{\"@type\":\"PropertyValueSpecification\",\"valueRequired\":true,\"valueName\":\"search_term_string\"}}],\"inLanguage\":\"es\"},{\"@type\":\"Organization\",\"@id\":\"https:\\\/\\\/www.customsborders.com\\\/es\\\/#organization\",\"name\":\"Customs Borders\",\"alternateName\":\"Customs Borders\",\"url\":\"https:\\\/\\\/www.customsborders.com\\\/es\\\/\",\"logo\":{\"@type\":\"ImageObject\",\"inLanguage\":\"es\",\"@id\":\"https:\\\/\\\/www.customsborders.com\\\/es\\\/#\\\/schema\\\/logo\\\/image\\\/\",\"url\":\"https:\\\/\\\/www.customsborders.com\\\/wp-content\\\/uploads\\\/2024\\\/01\\\/LOGO-custom-borders.jpg\",\"contentUrl\":\"https:\\\/\\\/www.customsborders.com\\\/wp-content\\\/uploads\\\/2024\\\/01\\\/LOGO-custom-borders.jpg\",\"width\":1566,\"height\":379,\"caption\":\"Customs Borders\"},\"image\":{\"@id\":\"https:\\\/\\\/www.customsborders.com\\\/es\\\/#\\\/schema\\\/logo\\\/image\\\/\"}}]}<\/script>\n<!-- \/ Yoast SEO plugin. -->","yoast_head_json":{"title":"Corredur\u00eda Financiera Exclusiva:Explora el rendimiento de mercado","description":"Corredur\u00eda Financiera Exclusiva; descubre c\u00f3mo nuestro equipo te ofrece servicios personalizados para alcanzar tus metas financieras. Aqu\u00ed...","robots":{"index":"index","follow":"follow","max-snippet":"max-snippet:-1","max-image-preview":"max-image-preview:large","max-video-preview":"max-video-preview:-1"},"canonical":"https:\/\/www.customsborders.com\/es\/servicios-custom-borders\/inversiones-inmobiliarias\/","og_locale":"es_ES","og_type":"article","og_title":"Descubre el Potencial de Inversiones Inmobiliarias con Customs&Borders","og_description":"Explora el mundo de las inversiones inmobiliarias junto a Customs Borders, tu socio experto en conectar con oportunidades \u00fanicas de inversi\u00f3n. Nuestro servicio de corredur\u00eda financiera se especializa en dise\u00f1ar modelos de negocio adaptados a tus objetivos, garantizando rentabilidades \u00f3ptimas y protecci\u00f3n de tus intereses. Sum\u00e9rgete en un nuevo horizonte de crecimiento y rentabilidad con nosotros. #inversionesinmobiliarias #oportunidadesdeinversion #crecimientofinanciero #negociosrentables #mercadoinmobiliario #customborders #serviciosaduaneros #despachoaduanas","og_url":"https:\/\/www.customsborders.com\/servicios-custom-borders\/inversiones-inmobiliarias\/","og_site_name":"Customs Borders","article_modified_time":"2025-10-11T08:06:28+00:00","og_image":[{"width":1080,"height":1080,"url":"https:\/\/www.customsborders.com\/wp-content\/uploads\/2024\/03\/Inversiones-inmobiliarias.png","type":"image\/png"}],"twitter_card":"summary_large_image","twitter_title":"Descubre el Potencial de Inversiones Inmobiliarias con Customs Borders","twitter_description":"Explora el mundo de las inversiones inmobiliarias junto a Customs Borders, tu socio experto en conectar con oportunidades \u00fanicas de inversi\u00f3n. Nuestro servicio de corredur\u00eda financiera se especializa en dise\u00f1ar modelos de negocio adaptados a tus objetivos, garantizando rentabilidades \u00f3ptimas y protecci\u00f3n de tus intereses. Sum\u00e9rgete en un nuevo horizonte de crecimiento y rentabilidad con nosotros. #inversionesinmobiliarias #oportunidadesdeinversion #crecimientofinanciero #negociosrentables #mercadoinmobiliario #customborders #serviciosaduaneros #despachoaduanas","twitter_misc":{"Tiempo de lectura":"1 minuto"},"schema":{"@context":"https:\/\/schema.org","@graph":[{"@type":"WebPage","@id":"https:\/\/www.customsborders.com\/es\/servicios-custom-borders\/inversiones-inmobiliarias\/","url":"https:\/\/www.customsborders.com\/servicios-custom-borders\/inversiones-inmobiliarias\/","name":"Corredur\u00eda Financiera Exclusiva:Explora el rendimiento de mercado","isPartOf":{"@id":"https:\/\/www.customsborders.com\/es\/#website"},"datePublished":"2024-01-11T08:05:18+00:00","dateModified":"2025-10-11T08:06:28+00:00","description":"Corredur\u00eda Financiera Exclusiva; descubre c\u00f3mo nuestro equipo te ofrece servicios personalizados para alcanzar tus metas financieras. Aqu\u00ed...","breadcrumb":{"@id":"https:\/\/www.customsborders.com\/servicios-custom-borders\/inversiones-inmobiliarias\/#breadcrumb"},"inLanguage":"es","potentialAction":[{"@type":"ReadAction","target":["https:\/\/www.customsborders.com\/servicios-custom-borders\/inversiones-inmobiliarias\/"]}]},{"@type":"BreadcrumbList","@id":"https:\/\/www.customsborders.com\/servicios-custom-borders\/inversiones-inmobiliarias\/#breadcrumb","itemListElement":[{"@type":"ListItem","position":1,"name":"Portada","item":"https:\/\/www.customsborders.com\/es\/"},{"@type":"ListItem","position":2,"name":"Servicios Custom Borders","item":"https:\/\/www.customsborders.com\/es\/servicios-custom-borders\/"},{"@type":"ListItem","position":3,"name":"Corredur\u00eda financiera"}]},{"@type":"WebSite","@id":"https:\/\/www.customsborders.com\/es\/#website","url":"https:\/\/www.customsborders.com\/es\/","name":"Customs Borders","description":"Customs Borders","publisher":{"@id":"https:\/\/www.customsborders.com\/es\/#organization"},"alternateName":"Customs Borders","potentialAction":[{"@type":"SearchAction","target":{"@type":"EntryPoint","urlTemplate":"https:\/\/www.customsborders.com\/es\/?s={search_term_string}"},"query-input":{"@type":"PropertyValueSpecification","valueRequired":true,"valueName":"search_term_string"}}],"inLanguage":"es"},{"@type":"Organization","@id":"https:\/\/www.customsborders.com\/es\/#organization","name":"Customs Borders","alternateName":"Customs Borders","url":"https:\/\/www.customsborders.com\/es\/","logo":{"@type":"ImageObject","inLanguage":"es","@id":"https:\/\/www.customsborders.com\/es\/#\/schema\/logo\/image\/","url":"https:\/\/www.customsborders.com\/wp-content\/uploads\/2024\/01\/LOGO-custom-borders.jpg","contentUrl":"https:\/\/www.customsborders.com\/wp-content\/uploads\/2024\/01\/LOGO-custom-borders.jpg","width":1566,"height":379,"caption":"Customs Borders"},"image":{"@id":"https:\/\/www.customsborders.com\/es\/#\/schema\/logo\/image\/"}}]}},"_links":{"self":[{"href":"https:\/\/www.customsborders.com\/es\/wp-json\/wp\/v2\/pages\/26","targetHints":{"allow":["GET"]}}],"collection":[{"href":"https:\/\/www.customsborders.com\/es\/wp-json\/wp\/v2\/pages"}],"about":[{"href":"https:\/\/www.customsborders.com\/es\/wp-json\/wp\/v2\/types\/page"}],"author":[{"embeddable":true,"href":"https:\/\/www.customsborders.com\/es\/wp-json\/wp\/v2\/users\/1"}],"replies":[{"embeddable":true,"href":"https:\/\/www.customsborders.com\/es\/wp-json\/wp\/v2\/comments?post=26"}],"version-history":[{"count":5,"href":"https:\/\/www.customsborders.com\/es\/wp-json\/wp\/v2\/pages\/26\/revisions"}],"predecessor-version":[{"id":8804,"href":"https:\/\/www.customsborders.com\/es\/wp-json\/wp\/v2\/pages\/26\/revisions\/8804"}],"up":[{"embeddable":true,"href":"https:\/\/www.customsborders.com\/es\/wp-json\/wp\/v2\/pages\/20"}],"wp:attachment":[{"href":"https:\/\/www.customsborders.com\/es\/wp-json\/wp\/v2\/media?parent=26"}],"curies":[{"name":"wp","href":"https:\/\/api.w.org\/{rel}","templated":true}]}}