{"id":24,"date":"2024-01-11T09:04:57","date_gmt":"2024-01-11T08:04:57","guid":{"rendered":"https:\/\/www.customsborders.com\/?page_id=24"},"modified":"2025-10-11T10:06:19","modified_gmt":"2025-10-11T08:06:19","slug":"consultoria-empresarial","status":"publish","type":"page","link":"https:\/\/www.customsborders.com\/es\/servicios-custom-borders\/consultoria-empresarial\/","title":{"rendered":"Consultor\u00eda empresarial"},"content":{"rendered":"\n<p><strong>\u00abPotenciamos tu negocio con estrategias de inversi\u00f3n, b\u00fasqueda de inversores y auditor\u00edas efectivas.\u00bb<\/strong><\/p>\n","protected":false},"excerpt":{"rendered":"<p>\u00abPotenciamos tu negocio con estrategias de inversi\u00f3n, b\u00fasqueda de inversores y auditor\u00edas efectivas.\u00bb<\/p>\n","protected":false},"author":1,"featured_media":0,"parent":20,"menu_order":0,"comment_status":"closed","ping_status":"closed","template":"","meta":{"footnotes":""},"class_list":["post-24","page","type-page","status-publish","hentry"],"yoast_head":"<!-- This site is optimized with the Yoast SEO plugin v27.5 - https:\/\/yoast.com\/product\/yoast-seo-wordpress\/ -->\n<title>Consultor\u00eda Empresarial Internacional - Customs Borders<\/title>\n<meta name=\"description\" content=\"Expande tu negocio con nuestra experta consultor\u00eda empresarial y asesor\u00eda aduanera global. Soluciones a medida en Customs Borders.\" \/>\n<meta name=\"robots\" content=\"index, follow, max-snippet:-1, max-image-preview:large, max-video-preview:-1\" \/>\n<link rel=\"canonical\" href=\"https:\/\/www.customsborders.com\/es\/servicios-custom-borders\/consultoria-empresarial\/\" \/>\n<meta property=\"og:locale\" content=\"es_ES\" \/>\n<meta property=\"og:type\" content=\"article\" \/>\n<meta property=\"og:title\" content=\"Expande tus Horizontes con Consultor\u00eda Empresarial Aduanera\" \/>\n<meta property=\"og:description\" content=\"Descubre c\u00f3mo nuestra consultor\u00eda empresarial puede impulsar tu negocio en el \u00e1mbito internacional. En Customs Borders, ofrecemos asesor\u00eda especializada en despacho aduanero y estrategias de comercio exterior. Con nuestra ayuda, tu empresa alcanzar\u00e1 nuevos mercados de manera eficiente y segura. \u00a1\u00danete a la comunidad de empresas exitosas que conf\u00edan en nuestros servicios personalizados! #customborders #serviciosaduaneros #despachoaduanas #comerciointernacional #negociosglobales #expansionempresarial #asesor\u00edapersonalizada\" \/>\n<meta property=\"og:url\" content=\"https:\/\/www.customsborders.com\/servicios-custom-borders\/consultoria-empresarial\/\" \/>\n<meta property=\"og:site_name\" content=\"Customs Borders\" \/>\n<meta property=\"article:modified_time\" content=\"2025-10-11T08:06:19+00:00\" \/>\n<meta property=\"og:image\" content=\"https:\/\/www.customsborders.com\/wp-content\/uploads\/2024\/01\/LOGO-custom-borders.jpg\" \/>\n\t<meta property=\"og:image:width\" content=\"1566\" \/>\n\t<meta property=\"og:image:height\" content=\"379\" \/>\n\t<meta property=\"og:image:type\" content=\"image\/jpeg\" \/>\n<meta name=\"twitter:card\" content=\"summary_large_image\" \/>\n<meta name=\"twitter:title\" content=\"Expande tus Horizontes con Consultor\u00eda Empresarial Aduanera\" \/>\n<meta name=\"twitter:description\" content=\"Descubre c\u00f3mo nuestra consultor\u00eda empresarial puede impulsar tu negocio en el \u00e1mbito internacional. En Customs Borders, ofrecemos asesor\u00eda especializada en despacho aduanero y estrategias de comercio exterior. Con nuestra ayuda, tu empresa alcanzar\u00e1 nuevos mercados de manera eficiente y segura. \u00a1\u00danete a la comunidad de empresas exitosas que conf\u00edan en nuestros servicios personalizados! #customborders #serviciosaduaneros #despachoaduanas #comerciointernacional #negociosglobales #expansionempresarial #asesor\u00edapersonalizada\" \/>\n<meta name=\"twitter:label1\" content=\"Tiempo de lectura\" \/>\n\t<meta name=\"twitter:data1\" content=\"1 minuto\" \/>\n<script type=\"application\/ld+json\" class=\"yoast-schema-graph\">{\"@context\":\"https:\\\/\\\/schema.org\",\"@graph\":[{\"@type\":\"WebPage\",\"@id\":\"https:\\\/\\\/www.customsborders.com\\\/es\\\/servicios-custom-borders\\\/consultoria-empresarial\\\/\",\"url\":\"https:\\\/\\\/www.customsborders.com\\\/servicios-custom-borders\\\/consultoria-empresarial\\\/\",\"name\":\"Consultor\u00eda Empresarial Internacional - Customs Borders\",\"isPartOf\":{\"@id\":\"https:\\\/\\\/www.customsborders.com\\\/es\\\/#website\"},\"datePublished\":\"2024-01-11T08:04:57+00:00\",\"dateModified\":\"2025-10-11T08:06:19+00:00\",\"description\":\"Expande tu negocio con nuestra experta consultor\u00eda empresarial y asesor\u00eda aduanera global. Soluciones a medida en Customs Borders.\",\"breadcrumb\":{\"@id\":\"https:\\\/\\\/www.customsborders.com\\\/servicios-custom-borders\\\/consultoria-empresarial\\\/#breadcrumb\"},\"inLanguage\":\"es\",\"potentialAction\":[{\"@type\":\"ReadAction\",\"target\":[\"https:\\\/\\\/www.customsborders.com\\\/servicios-custom-borders\\\/consultoria-empresarial\\\/\"]}]},{\"@type\":\"BreadcrumbList\",\"@id\":\"https:\\\/\\\/www.customsborders.com\\\/servicios-custom-borders\\\/consultoria-empresarial\\\/#breadcrumb\",\"itemListElement\":[{\"@type\":\"ListItem\",\"position\":1,\"name\":\"Portada\",\"item\":\"https:\\\/\\\/www.customsborders.com\\\/es\\\/\"},{\"@type\":\"ListItem\",\"position\":2,\"name\":\"Servicios Custom Borders\",\"item\":\"https:\\\/\\\/www.customsborders.com\\\/es\\\/servicios-custom-borders\\\/\"},{\"@type\":\"ListItem\",\"position\":3,\"name\":\"Consultor\u00eda empresarial\"}]},{\"@type\":\"WebSite\",\"@id\":\"https:\\\/\\\/www.customsborders.com\\\/es\\\/#website\",\"url\":\"https:\\\/\\\/www.customsborders.com\\\/es\\\/\",\"name\":\"Customs Borders\",\"description\":\"Customs Borders\",\"publisher\":{\"@id\":\"https:\\\/\\\/www.customsborders.com\\\/es\\\/#organization\"},\"alternateName\":\"Customs Borders\",\"potentialAction\":[{\"@type\":\"SearchAction\",\"target\":{\"@type\":\"EntryPoint\",\"urlTemplate\":\"https:\\\/\\\/www.customsborders.com\\\/es\\\/?s={search_term_string}\"},\"query-input\":{\"@type\":\"PropertyValueSpecification\",\"valueRequired\":true,\"valueName\":\"search_term_string\"}}],\"inLanguage\":\"es\"},{\"@type\":\"Organization\",\"@id\":\"https:\\\/\\\/www.customsborders.com\\\/es\\\/#organization\",\"name\":\"Customs Borders\",\"alternateName\":\"Customs Borders\",\"url\":\"https:\\\/\\\/www.customsborders.com\\\/es\\\/\",\"logo\":{\"@type\":\"ImageObject\",\"inLanguage\":\"es\",\"@id\":\"https:\\\/\\\/www.customsborders.com\\\/es\\\/#\\\/schema\\\/logo\\\/image\\\/\",\"url\":\"https:\\\/\\\/www.customsborders.com\\\/wp-content\\\/uploads\\\/2024\\\/01\\\/LOGO-custom-borders.jpg\",\"contentUrl\":\"https:\\\/\\\/www.customsborders.com\\\/wp-content\\\/uploads\\\/2024\\\/01\\\/LOGO-custom-borders.jpg\",\"width\":1566,\"height\":379,\"caption\":\"Customs Borders\"},\"image\":{\"@id\":\"https:\\\/\\\/www.customsborders.com\\\/es\\\/#\\\/schema\\\/logo\\\/image\\\/\"}}]}<\/script>\n<!-- \/ Yoast SEO plugin. -->","yoast_head_json":{"title":"Consultor\u00eda Empresarial Internacional - Customs Borders","description":"Expande tu negocio con nuestra experta consultor\u00eda empresarial y asesor\u00eda aduanera global. Soluciones a medida en Customs Borders.","robots":{"index":"index","follow":"follow","max-snippet":"max-snippet:-1","max-image-preview":"max-image-preview:large","max-video-preview":"max-video-preview:-1"},"canonical":"https:\/\/www.customsborders.com\/es\/servicios-custom-borders\/consultoria-empresarial\/","og_locale":"es_ES","og_type":"article","og_title":"Expande tus Horizontes con Consultor\u00eda Empresarial Aduanera","og_description":"Descubre c\u00f3mo nuestra consultor\u00eda empresarial puede impulsar tu negocio en el \u00e1mbito internacional. En Customs Borders, ofrecemos asesor\u00eda especializada en despacho aduanero y estrategias de comercio exterior. Con nuestra ayuda, tu empresa alcanzar\u00e1 nuevos mercados de manera eficiente y segura. \u00a1\u00danete a la comunidad de empresas exitosas que conf\u00edan en nuestros servicios personalizados! #customborders #serviciosaduaneros #despachoaduanas #comerciointernacional #negociosglobales #expansionempresarial #asesor\u00edapersonalizada","og_url":"https:\/\/www.customsborders.com\/servicios-custom-borders\/consultoria-empresarial\/","og_site_name":"Customs Borders","article_modified_time":"2025-10-11T08:06:19+00:00","og_image":[{"width":1566,"height":379,"url":"https:\/\/www.customsborders.com\/wp-content\/uploads\/2024\/01\/LOGO-custom-borders.jpg","type":"image\/jpeg"}],"twitter_card":"summary_large_image","twitter_title":"Expande tus Horizontes con Consultor\u00eda Empresarial Aduanera","twitter_description":"Descubre c\u00f3mo nuestra consultor\u00eda empresarial puede impulsar tu negocio en el \u00e1mbito internacional. En Customs Borders, ofrecemos asesor\u00eda especializada en despacho aduanero y estrategias de comercio exterior. Con nuestra ayuda, tu empresa alcanzar\u00e1 nuevos mercados de manera eficiente y segura. \u00a1\u00danete a la comunidad de empresas exitosas que conf\u00edan en nuestros servicios personalizados! #customborders #serviciosaduaneros #despachoaduanas #comerciointernacional #negociosglobales #expansionempresarial #asesor\u00edapersonalizada","twitter_misc":{"Tiempo de lectura":"1 minuto"},"schema":{"@context":"https:\/\/schema.org","@graph":[{"@type":"WebPage","@id":"https:\/\/www.customsborders.com\/es\/servicios-custom-borders\/consultoria-empresarial\/","url":"https:\/\/www.customsborders.com\/servicios-custom-borders\/consultoria-empresarial\/","name":"Consultor\u00eda Empresarial Internacional - Customs Borders","isPartOf":{"@id":"https:\/\/www.customsborders.com\/es\/#website"},"datePublished":"2024-01-11T08:04:57+00:00","dateModified":"2025-10-11T08:06:19+00:00","description":"Expande tu negocio con nuestra experta consultor\u00eda empresarial y asesor\u00eda aduanera global. Soluciones a medida en Customs Borders.","breadcrumb":{"@id":"https:\/\/www.customsborders.com\/servicios-custom-borders\/consultoria-empresarial\/#breadcrumb"},"inLanguage":"es","potentialAction":[{"@type":"ReadAction","target":["https:\/\/www.customsborders.com\/servicios-custom-borders\/consultoria-empresarial\/"]}]},{"@type":"BreadcrumbList","@id":"https:\/\/www.customsborders.com\/servicios-custom-borders\/consultoria-empresarial\/#breadcrumb","itemListElement":[{"@type":"ListItem","position":1,"name":"Portada","item":"https:\/\/www.customsborders.com\/es\/"},{"@type":"ListItem","position":2,"name":"Servicios Custom Borders","item":"https:\/\/www.customsborders.com\/es\/servicios-custom-borders\/"},{"@type":"ListItem","position":3,"name":"Consultor\u00eda empresarial"}]},{"@type":"WebSite","@id":"https:\/\/www.customsborders.com\/es\/#website","url":"https:\/\/www.customsborders.com\/es\/","name":"Customs Borders","description":"Customs Borders","publisher":{"@id":"https:\/\/www.customsborders.com\/es\/#organization"},"alternateName":"Customs Borders","potentialAction":[{"@type":"SearchAction","target":{"@type":"EntryPoint","urlTemplate":"https:\/\/www.customsborders.com\/es\/?s={search_term_string}"},"query-input":{"@type":"PropertyValueSpecification","valueRequired":true,"valueName":"search_term_string"}}],"inLanguage":"es"},{"@type":"Organization","@id":"https:\/\/www.customsborders.com\/es\/#organization","name":"Customs Borders","alternateName":"Customs Borders","url":"https:\/\/www.customsborders.com\/es\/","logo":{"@type":"ImageObject","inLanguage":"es","@id":"https:\/\/www.customsborders.com\/es\/#\/schema\/logo\/image\/","url":"https:\/\/www.customsborders.com\/wp-content\/uploads\/2024\/01\/LOGO-custom-borders.jpg","contentUrl":"https:\/\/www.customsborders.com\/wp-content\/uploads\/2024\/01\/LOGO-custom-borders.jpg","width":1566,"height":379,"caption":"Customs Borders"},"image":{"@id":"https:\/\/www.customsborders.com\/es\/#\/schema\/logo\/image\/"}}]}},"_links":{"self":[{"href":"https:\/\/www.customsborders.com\/es\/wp-json\/wp\/v2\/pages\/24","targetHints":{"allow":["GET"]}}],"collection":[{"href":"https:\/\/www.customsborders.com\/es\/wp-json\/wp\/v2\/pages"}],"about":[{"href":"https:\/\/www.customsborders.com\/es\/wp-json\/wp\/v2\/types\/page"}],"author":[{"embeddable":true,"href":"https:\/\/www.customsborders.com\/es\/wp-json\/wp\/v2\/users\/1"}],"replies":[{"embeddable":true,"href":"https:\/\/www.customsborders.com\/es\/wp-json\/wp\/v2\/comments?post=24"}],"version-history":[{"count":4,"href":"https:\/\/www.customsborders.com\/es\/wp-json\/wp\/v2\/pages\/24\/revisions"}],"predecessor-version":[{"id":105,"href":"https:\/\/www.customsborders.com\/es\/wp-json\/wp\/v2\/pages\/24\/revisions\/105"}],"up":[{"embeddable":true,"href":"https:\/\/www.customsborders.com\/es\/wp-json\/wp\/v2\/pages\/20"}],"wp:attachment":[{"href":"https:\/\/www.customsborders.com\/es\/wp-json\/wp\/v2\/media?parent=24"}],"curies":[{"name":"wp","href":"https:\/\/api.w.org\/{rel}","templated":true}]}}