{"id":22,"date":"2024-01-11T09:04:30","date_gmt":"2024-01-11T08:04:30","guid":{"rendered":"https:\/\/www.customsborders.com\/?page_id=22"},"modified":"2025-10-11T10:06:08","modified_gmt":"2025-10-11T08:06:08","slug":"desbloqueo-aduanero","status":"publish","type":"page","link":"https:\/\/www.customsborders.com\/es\/servicios-custom-borders\/desbloqueo-aduanero\/","title":{"rendered":"Desbloqueo aduanero"},"content":{"rendered":"\n<p><strong>\u00abSoluciones eficientes para liberar tu mercanc\u00eda y mantener tus operaciones en movimiento.\u00bb<\/strong><\/p>\n","protected":false},"excerpt":{"rendered":"<p>\u00abSoluciones eficientes para liberar tu mercanc\u00eda y mantener tus operaciones en movimiento.\u00bb<\/p>\n","protected":false},"author":1,"featured_media":0,"parent":20,"menu_order":0,"comment_status":"closed","ping_status":"closed","template":"","meta":{"footnotes":""},"class_list":["post-22","page","type-page","status-publish","hentry"],"yoast_head":"<!-- This site is optimized with the Yoast SEO plugin v27.5 - https:\/\/yoast.com\/product\/yoast-seo-wordpress\/ -->\n<title>Desbloqueo Aduanero Eficiente y Seguro - Customs Borders<\/title>\n<meta name=\"description\" content=\"Soluciones expertas en desbloqueo aduanero. Agilizamos tus procesos aduaneros con seguridad y eficiencia. Descubre c\u00f3mo en Customs Borders.\" \/>\n<meta name=\"robots\" content=\"index, follow, max-snippet:-1, max-image-preview:large, max-video-preview:-1\" \/>\n<link rel=\"canonical\" href=\"https:\/\/www.customsborders.com\/es\/servicios-custom-borders\/desbloqueo-aduanero\/\" \/>\n<meta property=\"og:locale\" content=\"es_ES\" \/>\n<meta property=\"og:type\" content=\"article\" \/>\n<meta property=\"og:title\" content=\"Descubre Soluciones Efectivas en Desbloqueo Aduanero con Customs &amp; Borders\" \/>\n<meta property=\"og:description\" content=\"Explora nuestro servicio de desbloqueo aduanero, dise\u00f1ado para facilitar tus operaciones con m\u00e1xima eficiencia y seguridad. En Customs &amp; Borders, nos dedicamos a asegurar que tus env\u00edos atraviesen fronteras sin complicaciones, optimizando tus procesos aduaneros. Con nuestro equipo experto, puedes confiar en un servicio personalizado que se ajusta a tus necesidades espec\u00edficas. \u00danete a nuestra comunidad y experimenta la tranquilidad de contar con profesionales en despacho aduanero. #desbloqueoaduanero #eficiencia #seguridad #operacioneslog\u00edsticas #comerciointernacional #customborders #serviciosaduaneros #despachoaduanas\" \/>\n<meta property=\"og:url\" content=\"https:\/\/www.customsborders.com\/es\/servicios-custom-borders\/desbloqueo-aduanero\/\" \/>\n<meta property=\"og:site_name\" content=\"Customs Borders\" \/>\n<meta property=\"article:modified_time\" content=\"2025-10-11T08:06:08+00:00\" \/>\n<meta property=\"og:image\" content=\"https:\/\/www.customsborders.com\/wp-content\/uploads\/2024\/01\/LOGO-custom-borders.jpg\" \/>\n\t<meta property=\"og:image:width\" content=\"1566\" \/>\n\t<meta property=\"og:image:height\" content=\"379\" \/>\n\t<meta property=\"og:image:type\" content=\"image\/jpeg\" \/>\n<meta name=\"twitter:card\" content=\"summary_large_image\" \/>\n<meta name=\"twitter:title\" content=\"Descubre Soluciones Efectivas en Desbloqueo Aduanero con Customs &amp; Borders\" \/>\n<meta name=\"twitter:description\" content=\"Explora nuestro servicio de desbloqueo aduanero, dise\u00f1ado para facilitar tus operaciones con m\u00e1xima eficiencia y seguridad. En Customs &amp; Borders, nos dedicamos a asegurar que tus env\u00edos atraviesen fronteras sin complicaciones, optimizando tus procesos aduaneros. Con nuestro equipo experto, puedes confiar en un servicio personalizado que se ajusta a tus necesidades espec\u00edficas. \u00danete a nuestra comunidad y experimenta la tranquilidad de contar con profesionales en despacho aduanero. #desbloqueoaduanero #eficiencia #seguridad #operacioneslog\u00edsticas #comerciointernacional #customborders #serviciosaduaneros #despachoaduanas\" \/>\n<meta name=\"twitter:label1\" content=\"Tiempo de lectura\" \/>\n\t<meta name=\"twitter:data1\" content=\"1 minuto\" \/>\n<script type=\"application\/ld+json\" class=\"yoast-schema-graph\">{\"@context\":\"https:\\\/\\\/schema.org\",\"@graph\":[{\"@type\":\"WebPage\",\"@id\":\"https:\\\/\\\/www.customsborders.com\\\/es\\\/servicios-custom-borders\\\/desbloqueo-aduanero\\\/\",\"url\":\"https:\\\/\\\/www.customsborders.com\\\/es\\\/servicios-custom-borders\\\/desbloqueo-aduanero\\\/\",\"name\":\"Desbloqueo Aduanero Eficiente y Seguro - Customs Borders\",\"isPartOf\":{\"@id\":\"https:\\\/\\\/www.customsborders.com\\\/es\\\/#website\"},\"datePublished\":\"2024-01-11T08:04:30+00:00\",\"dateModified\":\"2025-10-11T08:06:08+00:00\",\"description\":\"Soluciones expertas en desbloqueo aduanero. Agilizamos tus procesos aduaneros con seguridad y eficiencia. Descubre c\u00f3mo en Customs Borders.\",\"breadcrumb\":{\"@id\":\"https:\\\/\\\/www.customsborders.com\\\/es\\\/servicios-custom-borders\\\/desbloqueo-aduanero\\\/#breadcrumb\"},\"inLanguage\":\"es\",\"potentialAction\":[{\"@type\":\"ReadAction\",\"target\":[\"https:\\\/\\\/www.customsborders.com\\\/es\\\/servicios-custom-borders\\\/desbloqueo-aduanero\\\/\"]}]},{\"@type\":\"BreadcrumbList\",\"@id\":\"https:\\\/\\\/www.customsborders.com\\\/es\\\/servicios-custom-borders\\\/desbloqueo-aduanero\\\/#breadcrumb\",\"itemListElement\":[{\"@type\":\"ListItem\",\"position\":1,\"name\":\"Portada\",\"item\":\"https:\\\/\\\/www.customsborders.com\\\/es\\\/\"},{\"@type\":\"ListItem\",\"position\":2,\"name\":\"Servicios Custom Borders\",\"item\":\"https:\\\/\\\/www.customsborders.com\\\/es\\\/servicios-custom-borders\\\/\"},{\"@type\":\"ListItem\",\"position\":3,\"name\":\"Desbloqueo aduanero\"}]},{\"@type\":\"WebSite\",\"@id\":\"https:\\\/\\\/www.customsborders.com\\\/es\\\/#website\",\"url\":\"https:\\\/\\\/www.customsborders.com\\\/es\\\/\",\"name\":\"Customs Borders\",\"description\":\"Customs Borders\",\"publisher\":{\"@id\":\"https:\\\/\\\/www.customsborders.com\\\/es\\\/#organization\"},\"alternateName\":\"Customs Borders\",\"potentialAction\":[{\"@type\":\"SearchAction\",\"target\":{\"@type\":\"EntryPoint\",\"urlTemplate\":\"https:\\\/\\\/www.customsborders.com\\\/es\\\/?s={search_term_string}\"},\"query-input\":{\"@type\":\"PropertyValueSpecification\",\"valueRequired\":true,\"valueName\":\"search_term_string\"}}],\"inLanguage\":\"es\"},{\"@type\":\"Organization\",\"@id\":\"https:\\\/\\\/www.customsborders.com\\\/es\\\/#organization\",\"name\":\"Customs Borders\",\"alternateName\":\"Customs Borders\",\"url\":\"https:\\\/\\\/www.customsborders.com\\\/es\\\/\",\"logo\":{\"@type\":\"ImageObject\",\"inLanguage\":\"es\",\"@id\":\"https:\\\/\\\/www.customsborders.com\\\/es\\\/#\\\/schema\\\/logo\\\/image\\\/\",\"url\":\"https:\\\/\\\/www.customsborders.com\\\/wp-content\\\/uploads\\\/2024\\\/01\\\/LOGO-custom-borders.jpg\",\"contentUrl\":\"https:\\\/\\\/www.customsborders.com\\\/wp-content\\\/uploads\\\/2024\\\/01\\\/LOGO-custom-borders.jpg\",\"width\":1566,\"height\":379,\"caption\":\"Customs Borders\"},\"image\":{\"@id\":\"https:\\\/\\\/www.customsborders.com\\\/es\\\/#\\\/schema\\\/logo\\\/image\\\/\"}}]}<\/script>\n<!-- \/ Yoast SEO plugin. -->","yoast_head_json":{"title":"Desbloqueo Aduanero Eficiente y Seguro - Customs Borders","description":"Soluciones expertas en desbloqueo aduanero. Agilizamos tus procesos aduaneros con seguridad y eficiencia. Descubre c\u00f3mo en Customs Borders.","robots":{"index":"index","follow":"follow","max-snippet":"max-snippet:-1","max-image-preview":"max-image-preview:large","max-video-preview":"max-video-preview:-1"},"canonical":"https:\/\/www.customsborders.com\/es\/servicios-custom-borders\/desbloqueo-aduanero\/","og_locale":"es_ES","og_type":"article","og_title":"Descubre Soluciones Efectivas en Desbloqueo Aduanero con Customs & Borders","og_description":"Explora nuestro servicio de desbloqueo aduanero, dise\u00f1ado para facilitar tus operaciones con m\u00e1xima eficiencia y seguridad. En Customs & Borders, nos dedicamos a asegurar que tus env\u00edos atraviesen fronteras sin complicaciones, optimizando tus procesos aduaneros. Con nuestro equipo experto, puedes confiar en un servicio personalizado que se ajusta a tus necesidades espec\u00edficas. \u00danete a nuestra comunidad y experimenta la tranquilidad de contar con profesionales en despacho aduanero. #desbloqueoaduanero #eficiencia #seguridad #operacioneslog\u00edsticas #comerciointernacional #customborders #serviciosaduaneros #despachoaduanas","og_url":"https:\/\/www.customsborders.com\/es\/servicios-custom-borders\/desbloqueo-aduanero\/","og_site_name":"Customs Borders","article_modified_time":"2025-10-11T08:06:08+00:00","og_image":[{"width":1566,"height":379,"url":"https:\/\/www.customsborders.com\/wp-content\/uploads\/2024\/01\/LOGO-custom-borders.jpg","type":"image\/jpeg"}],"twitter_card":"summary_large_image","twitter_title":"Descubre Soluciones Efectivas en Desbloqueo Aduanero con Customs & Borders","twitter_description":"Explora nuestro servicio de desbloqueo aduanero, dise\u00f1ado para facilitar tus operaciones con m\u00e1xima eficiencia y seguridad. En Customs & Borders, nos dedicamos a asegurar que tus env\u00edos atraviesen fronteras sin complicaciones, optimizando tus procesos aduaneros. Con nuestro equipo experto, puedes confiar en un servicio personalizado que se ajusta a tus necesidades espec\u00edficas. \u00danete a nuestra comunidad y experimenta la tranquilidad de contar con profesionales en despacho aduanero. #desbloqueoaduanero #eficiencia #seguridad #operacioneslog\u00edsticas #comerciointernacional #customborders #serviciosaduaneros #despachoaduanas","twitter_misc":{"Tiempo de lectura":"1 minuto"},"schema":{"@context":"https:\/\/schema.org","@graph":[{"@type":"WebPage","@id":"https:\/\/www.customsborders.com\/es\/servicios-custom-borders\/desbloqueo-aduanero\/","url":"https:\/\/www.customsborders.com\/es\/servicios-custom-borders\/desbloqueo-aduanero\/","name":"Desbloqueo Aduanero Eficiente y Seguro - Customs Borders","isPartOf":{"@id":"https:\/\/www.customsborders.com\/es\/#website"},"datePublished":"2024-01-11T08:04:30+00:00","dateModified":"2025-10-11T08:06:08+00:00","description":"Soluciones expertas en desbloqueo aduanero. Agilizamos tus procesos aduaneros con seguridad y eficiencia. Descubre c\u00f3mo en Customs Borders.","breadcrumb":{"@id":"https:\/\/www.customsborders.com\/es\/servicios-custom-borders\/desbloqueo-aduanero\/#breadcrumb"},"inLanguage":"es","potentialAction":[{"@type":"ReadAction","target":["https:\/\/www.customsborders.com\/es\/servicios-custom-borders\/desbloqueo-aduanero\/"]}]},{"@type":"BreadcrumbList","@id":"https:\/\/www.customsborders.com\/es\/servicios-custom-borders\/desbloqueo-aduanero\/#breadcrumb","itemListElement":[{"@type":"ListItem","position":1,"name":"Portada","item":"https:\/\/www.customsborders.com\/es\/"},{"@type":"ListItem","position":2,"name":"Servicios Custom Borders","item":"https:\/\/www.customsborders.com\/es\/servicios-custom-borders\/"},{"@type":"ListItem","position":3,"name":"Desbloqueo aduanero"}]},{"@type":"WebSite","@id":"https:\/\/www.customsborders.com\/es\/#website","url":"https:\/\/www.customsborders.com\/es\/","name":"Customs Borders","description":"Customs Borders","publisher":{"@id":"https:\/\/www.customsborders.com\/es\/#organization"},"alternateName":"Customs Borders","potentialAction":[{"@type":"SearchAction","target":{"@type":"EntryPoint","urlTemplate":"https:\/\/www.customsborders.com\/es\/?s={search_term_string}"},"query-input":{"@type":"PropertyValueSpecification","valueRequired":true,"valueName":"search_term_string"}}],"inLanguage":"es"},{"@type":"Organization","@id":"https:\/\/www.customsborders.com\/es\/#organization","name":"Customs Borders","alternateName":"Customs Borders","url":"https:\/\/www.customsborders.com\/es\/","logo":{"@type":"ImageObject","inLanguage":"es","@id":"https:\/\/www.customsborders.com\/es\/#\/schema\/logo\/image\/","url":"https:\/\/www.customsborders.com\/wp-content\/uploads\/2024\/01\/LOGO-custom-borders.jpg","contentUrl":"https:\/\/www.customsborders.com\/wp-content\/uploads\/2024\/01\/LOGO-custom-borders.jpg","width":1566,"height":379,"caption":"Customs Borders"},"image":{"@id":"https:\/\/www.customsborders.com\/es\/#\/schema\/logo\/image\/"}}]}},"_links":{"self":[{"href":"https:\/\/www.customsborders.com\/es\/wp-json\/wp\/v2\/pages\/22","targetHints":{"allow":["GET"]}}],"collection":[{"href":"https:\/\/www.customsborders.com\/es\/wp-json\/wp\/v2\/pages"}],"about":[{"href":"https:\/\/www.customsborders.com\/es\/wp-json\/wp\/v2\/types\/page"}],"author":[{"embeddable":true,"href":"https:\/\/www.customsborders.com\/es\/wp-json\/wp\/v2\/users\/1"}],"replies":[{"embeddable":true,"href":"https:\/\/www.customsborders.com\/es\/wp-json\/wp\/v2\/comments?post=22"}],"version-history":[{"count":3,"href":"https:\/\/www.customsborders.com\/es\/wp-json\/wp\/v2\/pages\/22\/revisions"}],"predecessor-version":[{"id":104,"href":"https:\/\/www.customsborders.com\/es\/wp-json\/wp\/v2\/pages\/22\/revisions\/104"}],"up":[{"embeddable":true,"href":"https:\/\/www.customsborders.com\/es\/wp-json\/wp\/v2\/pages\/20"}],"wp:attachment":[{"href":"https:\/\/www.customsborders.com\/es\/wp-json\/wp\/v2\/media?parent=22"}],"curies":[{"name":"wp","href":"https:\/\/api.w.org\/{rel}","templated":true}]}}